{"id":737,"date":"2023-03-15T21:15:41","date_gmt":"2023-03-15T20:15:41","guid":{"rendered":"http:\/\/vers-les-jeux-paralympiques-pour-les-bionics.org\/?page_id=737"},"modified":"2023-03-15T21:52:18","modified_gmt":"2023-03-15T20:52:18","slug":"leurs-actualites","status":"publish","type":"page","link":"https:\/\/vers-les-jeux-paralympiques-pour-les-bionics.org\/index.php\/leurs-actualites\/","title":{"rendered":"Actualit\u00e9s"},"content":{"rendered":"\t\t<div data-elementor-type=\"wp-page\" data-elementor-id=\"737\" class=\"elementor elementor-737\">\n\t\t\t\t\t\t<section class=\"elementor-section elementor-top-section elementor-element elementor-element-01400bf elementor-section-boxed elementor-section-height-default elementor-section-height-default\" data-id=\"01400bf\" data-element_type=\"section\" data-e-type=\"section\">\n\t\t\t\t\t\t<div class=\"elementor-container elementor-column-gap-default\">\n\t\t\t\t\t<div class=\"elementor-column elementor-col-100 elementor-top-column elementor-element elementor-element-f0f0342\" data-id=\"f0f0342\" data-element_type=\"column\" data-e-type=\"column\">\n\t\t\t<div class=\"elementor-widget-wrap elementor-element-populated\">\n\t\t\t\t\t\t<div class=\"elementor-element elementor-element-f1ac279 elementor-widget__width-inherit elementor-widget elementor-widget-image\" data-id=\"f1ac279\" data-element_type=\"widget\" data-e-type=\"widget\" data-widget_type=\"image.default\">\n\t\t\t\t<div class=\"elementor-widget-container\">\n\t\t\t\t\t\t\t\t\t\t\t\t\t\t\t<img fetchpriority=\"high\" decoding=\"async\" width=\"1023\" height=\"524\" src=\"https:\/\/i0.wp.com\/vers-les-jeux-paralympiques-pour-les-bionics.org\/wp-content\/uploads\/2023\/03\/52566158150_7a458a0e61_b.jpg?fit=1023%2C524&amp;ssl=1\" class=\"attachment-large size-large wp-image-680\" alt=\"\" srcset=\"https:\/\/i0.wp.com\/vers-les-jeux-paralympiques-pour-les-bionics.org\/wp-content\/uploads\/2023\/03\/52566158150_7a458a0e61_b.jpg?w=1023&amp;ssl=1 1023w, https:\/\/i0.wp.com\/vers-les-jeux-paralympiques-pour-les-bionics.org\/wp-content\/uploads\/2023\/03\/52566158150_7a458a0e61_b.jpg?resize=300%2C154&amp;ssl=1 300w, https:\/\/i0.wp.com\/vers-les-jeux-paralympiques-pour-les-bionics.org\/wp-content\/uploads\/2023\/03\/52566158150_7a458a0e61_b.jpg?resize=768%2C393&amp;ssl=1 768w\" sizes=\"(max-width: 1023px) 100vw, 1023px\" \/>\t\t\t\t\t\t\t\t\t\t\t\t\t\t\t<\/div>\n\t\t\t\t<\/div>\n\t\t\t\t\t<\/div>\n\t\t<\/div>\n\t\t\t\t\t<\/div>\n\t\t<\/section>\n\t\t\t\t<section class=\"elementor-section elementor-top-section elementor-element elementor-element-b00ed4e elementor-section-boxed elementor-section-height-default elementor-section-height-default\" data-id=\"b00ed4e\" data-element_type=\"section\" data-e-type=\"section\">\n\t\t\t\t\t\t<div class=\"elementor-container elementor-column-gap-default\">\n\t\t\t\t\t<div class=\"elementor-column elementor-col-100 elementor-top-column elementor-element elementor-element-5e2667b\" data-id=\"5e2667b\" data-element_type=\"column\" data-e-type=\"column\">\n\t\t\t<div class=\"elementor-widget-wrap elementor-element-populated\">\n\t\t\t\t\t\t<div class=\"elementor-element elementor-element-6c6ae8c elementor-widget elementor-widget-heading\" data-id=\"6c6ae8c\" data-element_type=\"widget\" data-e-type=\"widget\" data-widget_type=\"heading.default\">\n\t\t\t\t<div class=\"elementor-widget-container\">\n\t\t\t\t\t<h2 class=\"elementor-heading-title elementor-size-default\">D\u00e9couvrez l'actualit\u00e9 de Cyrille et Guillaume<\/h2>\t\t\t\t<\/div>\n\t\t\t\t<\/div>\n\t\t\t\t\t<\/div>\n\t\t<\/div>\n\t\t\t\t\t<\/div>\n\t\t<\/section>\n\t\t\t\t<section class=\"elementor-section elementor-top-section elementor-element elementor-element-632c1d5 elementor-section-boxed elementor-section-height-default elementor-section-height-default\" data-id=\"632c1d5\" data-element_type=\"section\" data-e-type=\"section\">\n\t\t\t\t\t\t<div class=\"elementor-container elementor-column-gap-default\">\n\t\t\t\t\t<div class=\"elementor-column elementor-col-100 elementor-top-column elementor-element elementor-element-9ae1c32\" data-id=\"9ae1c32\" data-element_type=\"column\" data-e-type=\"column\">\n\t\t\t<div class=\"elementor-widget-wrap elementor-element-populated\">\n\t\t\t\t\t\t<div class=\"elementor-element elementor-element-72652ad elementor-widget elementor-widget-text-editor\" data-id=\"72652ad\" data-element_type=\"widget\" data-e-type=\"widget\" data-widget_type=\"text-editor.default\">\n\t\t\t\t<div class=\"elementor-widget-container\">\n\t\t\t\t\t\t\t\t\t<p>Cette page vous permet de suivre Cyrille et Guillaume dans leurs participations aux \u00e9v\u00e9nements sportifs. Entra\u00eenements, Stages, Comp\u00e9titions toutes leurs actualit\u00e9s sont ici !<\/p>\t\t\t\t\t\t\t\t<\/div>\n\t\t\t\t<\/div>\n\t\t\t\t\t<\/div>\n\t\t<\/div>\n\t\t\t\t\t<\/div>\n\t\t<\/section>\n\t\t\t\t<section class=\"elementor-section elementor-top-section elementor-element elementor-element-ceae106 elementor-section-boxed elementor-section-height-default elementor-section-height-default\" data-id=\"ceae106\" data-element_type=\"section\" data-e-type=\"section\">\n\t\t\t\t\t\t<div class=\"elementor-container elementor-column-gap-default\">\n\t\t\t\t\t<div class=\"elementor-column elementor-col-100 elementor-top-column elementor-element elementor-element-09a2393\" data-id=\"09a2393\" data-element_type=\"column\" data-e-type=\"column\">\n\t\t\t<div class=\"elementor-widget-wrap elementor-element-populated\">\n\t\t\t\t\t\t<div class=\"elementor-element elementor-element-66b95a6 elementor-widget elementor-widget-heading\" data-id=\"66b95a6\" data-element_type=\"widget\" data-e-type=\"widget\" data-widget_type=\"heading.default\">\n\t\t\t\t<div class=\"elementor-widget-container\">\n\t\t\t\t\t<h3 class=\"elementor-heading-title elementor-size-default\">\u00c9v\u00e9nements 2023 :<\/h3>\t\t\t\t<\/div>\n\t\t\t\t<\/div>\n\t\t\t\t\t<\/div>\n\t\t<\/div>\n\t\t\t\t\t<\/div>\n\t\t<\/section>\n\t\t\t\t<section class=\"elementor-section elementor-top-section elementor-element elementor-element-355361c elementor-section-boxed elementor-section-height-default elementor-section-height-default\" data-id=\"355361c\" data-element_type=\"section\" data-e-type=\"section\">\n\t\t\t\t\t\t<div class=\"elementor-container elementor-column-gap-default\">\n\t\t\t\t\t<div class=\"elementor-column elementor-col-50 elementor-top-column elementor-element elementor-element-4939963\" data-id=\"4939963\" data-element_type=\"column\" data-e-type=\"column\">\n\t\t\t<div class=\"elementor-widget-wrap elementor-element-populated\">\n\t\t\t\t\t\t<div class=\"elementor-element elementor-element-74fae71 elementor-widget elementor-widget-text-editor\" data-id=\"74fae71\" data-element_type=\"widget\" data-e-type=\"widget\" data-widget_type=\"text-editor.default\">\n\t\t\t\t<div class=\"elementor-widget-container\">\n\t\t\t\t\t\t\t\t\t<ul>\n<li>5e \u00e9tape : du 25 au 26 mars<\/li>\n<\/ul>\n<p>D\u00e9placement PUC : PUC x2, Morans x1<\/p>\n<ul>\n<li>6e \u00e9tape : du 13 au 14 mai<\/li>\n<\/ul>\n<p>R\u00e9ception : Orl\u00e9ans x2, Villeneuve d&#8217;Ascq x1<\/p>\n<ul>\n<li>Stage \u00e9quipe de France : du 17 au 19 mars<\/li>\n<li>Stage \u00e9quipe de France : du 13 au 16 avril<\/li>\n<li>Stage \u00e9quipe de France : du 13 au 16 avril<\/li>\n<\/ul>\n<ul>\n<li>Stage en Hongrie : 28 au 30 avril<\/li>\n<\/ul>\t\t\t\t\t\t\t\t<\/div>\n\t\t\t\t<\/div>\n\t\t\t\t\t<\/div>\n\t\t<\/div>\n\t\t\t\t<div class=\"elementor-column elementor-col-50 elementor-top-column elementor-element elementor-element-7abc9ee\" data-id=\"7abc9ee\" data-element_type=\"column\" data-e-type=\"column\">\n\t\t\t<div class=\"elementor-widget-wrap elementor-element-populated\">\n\t\t\t\t\t\t<div class=\"elementor-element elementor-element-54a58c8 elementor-widget elementor-widget-image\" data-id=\"54a58c8\" data-element_type=\"widget\" data-e-type=\"widget\" data-widget_type=\"image.default\">\n\t\t\t\t<div class=\"elementor-widget-container\">\n\t\t\t\t\t\t\t\t\t\t\t\t\t\t\t<img decoding=\"async\" width=\"1024\" height=\"768\" src=\"https:\/\/i0.wp.com\/vers-les-jeux-paralympiques-pour-les-bionics.org\/wp-content\/uploads\/2022\/12\/IMG-20221205-WA0021.jpg?fit=1024%2C768&amp;ssl=1\" class=\"attachment-large size-large wp-image-586\" alt=\"\" srcset=\"https:\/\/i0.wp.com\/vers-les-jeux-paralympiques-pour-les-bionics.org\/wp-content\/uploads\/2022\/12\/IMG-20221205-WA0021.jpg?w=1600&amp;ssl=1 1600w, https:\/\/i0.wp.com\/vers-les-jeux-paralympiques-pour-les-bionics.org\/wp-content\/uploads\/2022\/12\/IMG-20221205-WA0021.jpg?resize=300%2C225&amp;ssl=1 300w, https:\/\/i0.wp.com\/vers-les-jeux-paralympiques-pour-les-bionics.org\/wp-content\/uploads\/2022\/12\/IMG-20221205-WA0021.jpg?resize=1024%2C768&amp;ssl=1 1024w, https:\/\/i0.wp.com\/vers-les-jeux-paralympiques-pour-les-bionics.org\/wp-content\/uploads\/2022\/12\/IMG-20221205-WA0021.jpg?resize=768%2C576&amp;ssl=1 768w, https:\/\/i0.wp.com\/vers-les-jeux-paralympiques-pour-les-bionics.org\/wp-content\/uploads\/2022\/12\/IMG-20221205-WA0021.jpg?resize=1536%2C1152&amp;ssl=1 1536w\" sizes=\"(max-width: 1024px) 100vw, 1024px\" \/>\t\t\t\t\t\t\t\t\t\t\t\t\t\t\t<\/div>\n\t\t\t\t<\/div>\n\t\t\t\t\t<\/div>\n\t\t<\/div>\n\t\t\t\t\t<\/div>\n\t\t<\/section>\n\t\t\t\t<\/div>\n\t\t","protected":false},"excerpt":{"rendered":"<p>D\u00e9couvrez l&#8217;actualit\u00e9 de Cyrille et Guillaume Cette page vous permet de suivre Cyrille et Guillaume dans leurs participations aux \u00e9v\u00e9nements sportifs. Entra\u00eenements, Stages, Comp\u00e9titions toutes leurs actualit\u00e9s sont ici ! \u00c9v\u00e9nements 2023 : 5e \u00e9tape : du 25 au 26 mars D\u00e9placement PUC : PUC x2, Morans x1 6e \u00e9tape : du 13 au 14 [&hellip;]<\/p>\n","protected":false},"author":1,"featured_media":680,"parent":0,"menu_order":0,"comment_status":"closed","ping_status":"closed","template":"","meta":{"site-sidebar-layout":"no-sidebar","site-content-layout":"page-builder","ast-site-content-layout":"default","site-content-style":"default","site-sidebar-style":"default","ast-global-header-display":"","ast-banner-title-visibility":"","ast-main-header-display":"","ast-hfb-above-header-display":"","ast-hfb-below-header-display":"","ast-hfb-mobile-header-display":"","site-post-title":"disabled","ast-breadcrumbs-content":"","ast-featured-img":"disabled","footer-sml-layout":"","ast-disable-related-posts":"","theme-transparent-header-meta":"","adv-header-id-meta":"","stick-header-meta":"","header-above-stick-meta":"","header-main-stick-meta":"","header-below-stick-meta":"","astra-migrate-meta-layouts":"default","ast-page-background-enabled":"default","ast-page-background-meta":{"desktop":{"background-color":"","background-image":"","background-repeat":"repeat","background-position":"center center","background-size":"auto","background-attachment":"scroll","background-type":"","background-media":"","overlay-type":"","overlay-color":"","overlay-opacity":"","overlay-gradient":""},"tablet":{"background-color":"","background-image":"","background-repeat":"repeat","background-position":"center center","background-size":"auto","background-attachment":"scroll","background-type":"","background-media":"","overlay-type":"","overlay-color":"","overlay-opacity":"","overlay-gradient":""},"mobile":{"background-color":"","background-image":"","background-repeat":"repeat","background-position":"center center","background-size":"auto","background-attachment":"scroll","background-type":"","background-media":"","overlay-type":"","overlay-color":"","overlay-opacity":"","overlay-gradient":""}},"ast-content-background-meta":{"desktop":{"background-color":"var(--ast-global-color-5)","background-image":"","background-repeat":"repeat","background-position":"center center","background-size":"auto","background-attachment":"scroll","background-type":"","background-media":"","overlay-type":"","overlay-color":"","overlay-opacity":"","overlay-gradient":""},"tablet":{"background-color":"var(--ast-global-color-5)","background-image":"","background-repeat":"repeat","background-position":"center center","background-size":"auto","background-attachment":"scroll","background-type":"","background-media":"","overlay-type":"","overlay-color":"","overlay-opacity":"","overlay-gradient":""},"mobile":{"background-color":"var(--ast-global-color-5)","background-image":"","background-repeat":"repeat","background-position":"center center","background-size":"auto","background-attachment":"scroll","background-type":"","background-media":"","overlay-type":"","overlay-color":"","overlay-opacity":"","overlay-gradient":""}},"footnotes":""},"class_list":["post-737","page","type-page","status-publish","has-post-thumbnail","hentry"],"jetpack_sharing_enabled":true,"jetpack_likes_enabled":true,"_links":{"self":[{"href":"https:\/\/vers-les-jeux-paralympiques-pour-les-bionics.org\/index.php\/wp-json\/wp\/v2\/pages\/737","targetHints":{"allow":["GET"]}}],"collection":[{"href":"https:\/\/vers-les-jeux-paralympiques-pour-les-bionics.org\/index.php\/wp-json\/wp\/v2\/pages"}],"about":[{"href":"https:\/\/vers-les-jeux-paralympiques-pour-les-bionics.org\/index.php\/wp-json\/wp\/v2\/types\/page"}],"author":[{"embeddable":true,"href":"https:\/\/vers-les-jeux-paralympiques-pour-les-bionics.org\/index.php\/wp-json\/wp\/v2\/users\/1"}],"replies":[{"embeddable":true,"href":"https:\/\/vers-les-jeux-paralympiques-pour-les-bionics.org\/index.php\/wp-json\/wp\/v2\/comments?post=737"}],"version-history":[{"count":14,"href":"https:\/\/vers-les-jeux-paralympiques-pour-les-bionics.org\/index.php\/wp-json\/wp\/v2\/pages\/737\/revisions"}],"predecessor-version":[{"id":753,"href":"https:\/\/vers-les-jeux-paralympiques-pour-les-bionics.org\/index.php\/wp-json\/wp\/v2\/pages\/737\/revisions\/753"}],"wp:featuredmedia":[{"embeddable":true,"href":"https:\/\/vers-les-jeux-paralympiques-pour-les-bionics.org\/index.php\/wp-json\/wp\/v2\/media\/680"}],"wp:attachment":[{"href":"https:\/\/vers-les-jeux-paralympiques-pour-les-bionics.org\/index.php\/wp-json\/wp\/v2\/media?parent=737"}],"curies":[{"name":"wp","href":"https:\/\/api.w.org\/{rel}","templated":true}]}}